{"id":145,"date":"2019-10-31T23:24:05","date_gmt":"2019-10-31T23:24:05","guid":{"rendered":"https:\/\/dionsperu.com\/?page_id=145"},"modified":"2019-10-31T23:24:06","modified_gmt":"2019-10-31T23:24:06","slug":"equipos-industriales-2","status":"publish","type":"page","link":"https:\/\/dionsperu.com\/index.php\/equipos-industriales-2\/","title":{"rendered":"EQUIPOS INDUSTRIALES"},"content":{"rendered":"<p>[et_pb_section fb_built=&#8221;1&#8243; fullwidth=&#8221;on&#8221; _builder_version=&#8221;3.27.4&#8243; fb_built=&#8221;1&#8243; _i=&#8221;0&#8243; _address=&#8221;0&#8243;][et_pb_fullwidth_post_title meta=&#8221;off&#8221; featured_image=&#8221;off&#8221; _builder_version=&#8221;3.27.4&#8243; title_font=&#8221;Varela Round|700|||||||&#8221; title_text_color=&#8221;#ffffff&#8221; background_color=&#8221;#01488a&#8221; _i=&#8221;0&#8243; _address=&#8221;0.0&#8243;][\/et_pb_fullwidth_post_title][\/et_pb_section][et_pb_section fb_built=&#8221;1&#8243; _builder_version=&#8221;3.27.4&#8243; fb_built=&#8221;1&#8243; _i=&#8221;1&#8243; _address=&#8221;1&#8243;][et_pb_row column_structure=&#8221;2_3,1_3&#8243; _builder_version=&#8221;3.27.4&#8243; _i=&#8221;0&#8243; _address=&#8221;1.0&#8243;][et_pb_column type=&#8221;2_3&#8243; _builder_version=&#8221;3.27.4&#8243; _i=&#8221;0&#8243; _address=&#8221;1.0.0&#8243;][et_pb_text _builder_version=&#8221;3.27.4&#8243; custom_margin=&#8221;||||true|true&#8221; hover_enabled=&#8221;0&#8243; _i=&#8221;0&#8243; _address=&#8221;1.0.0.0&#8243;]<\/p>\n<p>Dions ofrece la venta de los siguientes equipos industriales en Tratamiento Aguas:<\/p>\n<ul>\n<li>Equipos Ablandadores.<\/li>\n<li>Equipos Desmineralizadores.<\/li>\n<li>Osmosis Inversa.<\/li>\n<li>Catalizadores.<\/li>\n<li>Filtros Agua.<\/li>\n<li>Tanques Sedimentadores.<\/li>\n<li>L\u00e1mparas UV.<\/li>\n<\/ul>\n<ul><\/ul>\n<p>[\/et_pb_text][et_pb_image src=&#8221;https:\/\/dionsperu.com\/wp-content\/uploads\/2019\/10\/equipos-industriales.jpg&#8221; align=&#8221;center&#8221; _builder_version=&#8221;3.27.4&#8243; hover_enabled=&#8221;0&#8243; _i=&#8221;1&#8243; _address=&#8221;1.0.0.1&#8243;][\/et_pb_image][\/et_pb_column][et_pb_column type=&#8221;1_3&#8243; _builder_version=&#8221;3.27.4&#8243; border_radii=&#8221;on|0px|0px|0px|0px&#8221; border_color_all=&#8221;#aaaaaa&#8221; border_width_right=&#8221;2px&#8221; border_width_left=&#8221;2px&#8221; custom_padding=&#8221;|3%||3%|false|false&#8221; _i=&#8221;1&#8243; _address=&#8221;1.0.1&#8243;][et_pb_text _builder_version=&#8221;3.27.4&#8243; _i=&#8221;0&#8243; _address=&#8221;1.0.1.0&#8243;]<iframe loading=\"lazy\" src=\"https:\/\/www.google.com\/maps\/embed?pb=!1m18!1m12!1m3!1d3949.916309519135!2d-79.03589538521979!3d-8.110004094161566!2m3!1f0!2f0!3f0!3m2!1i1024!2i768!4f13.1!3m3!1m2!1s0x91ad3d9b9c9398ff%3A0xfd0cf006b57aa0fb!2sAv%20Pedro%20Mu%C3%B1iz%20248%2C%20Distrito%20de%20V%C3%ADctor%20Larco%20Herrera%2013011!5e0!3m2!1ses!2spe!4v1572559009350!5m2!1ses!2spe\" width=\"95%\" height=\"220vw\" frameborder=\"0\" style=\"border:0;\" allowfullscreen=\"\"><\/iframe>[\/et_pb_text][et_pb_text _builder_version=&#8221;3.27.4&#8243; text_text_color=&#8221;#bababa&#8221; header_text_color=&#8221;#000000&#8243; header_2_text_color=&#8221;#01488a&#8221; header_3_text_color=&#8221;#01488a&#8221; custom_margin=&#8221;||0px||false|false&#8221; custom_padding=&#8221;||0px||false|false&#8221; _i=&#8221;1&#8243; _address=&#8221;1.0.1.1&#8243;]<\/p>\n<h3><strong>Trujillo<\/strong><\/h3>\n<p>&nbsp;<\/p>\n<p>[\/et_pb_text][et_pb_divider color=&#8221;#01488a&#8221; divider_weight=&#8221;2px&#8221; _builder_version=&#8221;3.27.4&#8243; width=&#8221;80%&#8221; custom_margin=&#8221;-15px||5px||false|false&#8221; custom_padding=&#8221;0px||||false|false&#8221; locked=&#8221;off&#8221; _i=&#8221;2&#8243; _address=&#8221;1.0.1.2&#8243;][\/et_pb_divider][et_pb_text _builder_version=&#8221;3.27.4&#8243; text_text_color=&#8221;#444444&#8243; header_text_color=&#8221;#ffffff&#8221; header_2_text_color=&#8221;#ffffff&#8221; header_3_text_color=&#8221;#000000&#8243; header_3_font_size=&#8221;17px&#8221; custom_margin=&#8221;0px||30px||false|false&#8221; custom_padding=&#8221;0px||||false|false&#8221; locked=&#8221;off&#8221; _i=&#8221;3&#8243; _address=&#8221;1.0.1.3&#8243;]<\/p>\n<h3><strong>Direcci\u00f3n:<\/strong><\/h3>\n<p>Ca. Pedro Mu\u00f1iz Nro. 248<\/p>\n<p>(044) 232054 &#8211; 948171239<\/p>\n<p>ventas@dionsperu.com<\/p>\n<p>info@dionsperu.com<\/p>\n<p>[\/et_pb_text][et_pb_text _builder_version=&#8221;3.27.4&#8243; text_text_color=&#8221;#bababa&#8221; header_text_color=&#8221;#000000&#8243; header_2_text_color=&#8221;#01488a&#8221; header_3_text_color=&#8221;#01488a&#8221; custom_margin=&#8221;||0px||false|false&#8221; custom_padding=&#8221;||0px||false|false&#8221; _i=&#8221;4&#8243; _address=&#8221;1.0.1.4&#8243;]<\/p>\n<h3><strong>Lima<\/strong><\/h3>\n<p>&nbsp;<\/p>\n<p>[\/et_pb_text][et_pb_divider color=&#8221;#01488a&#8221; divider_weight=&#8221;2px&#8221; _builder_version=&#8221;3.27.4&#8243; width=&#8221;80%&#8221; custom_margin=&#8221;-15px||5px||false|false&#8221; custom_padding=&#8221;0px||||false|false&#8221; locked=&#8221;off&#8221; _i=&#8221;5&#8243; _address=&#8221;1.0.1.5&#8243;][\/et_pb_divider][et_pb_text _builder_version=&#8221;3.27.4&#8243; text_text_color=&#8221;#444444&#8243; header_text_color=&#8221;#ffffff&#8221; header_2_text_color=&#8221;#ffffff&#8221; header_3_text_color=&#8221;#000000&#8243; header_3_font_size=&#8221;17px&#8221; custom_margin=&#8221;0px||||false|false&#8221; custom_padding=&#8221;0px||||false|false&#8221; locked=&#8221;off&#8221; _i=&#8221;6&#8243; _address=&#8221;1.0.1.6&#8243;]<\/p>\n<h3><strong>Direcci\u00f3n:<\/strong><\/h3>\n<p>Av. Santa Rosa 845Coop. Julio C. Tello &#8211;\u00a0Sta. Anita<\/p>\n<p>(01)7045087 &#8211; 948846965 &#8211; 975142473<\/p>\n<p>ventas@dionsperu.com<\/p>\n<p>[\/et_pb_text][\/et_pb_column][\/et_pb_row][\/et_pb_section][et_pb_section fb_built=&#8221;1&#8243; _builder_version=&#8221;3.27.4&#8243; background_color=&#8221;#000000&#8243; global_module=&#8221;64&#8243; fb_built=&#8221;1&#8243; _i=&#8221;0&#8243; _address=&#8221;2&#8243;][et_pb_row column_structure=&#8221;1_3,1_3,1_3&#8243; _builder_version=&#8221;3.27.4&#8243; _i=&#8221;0&#8243; _address=&#8221;2.0&#8243;][et_pb_column type=&#8221;1_3&#8243; _builder_version=&#8221;3.27.4&#8243; _i=&#8221;0&#8243; _address=&#8221;2.0.0&#8243;][et_pb_text _builder_version=&#8221;3.27.4&#8243; text_text_color=&#8221;#bababa&#8221; header_text_color=&#8221;#ffffff&#8221; header_2_text_color=&#8221;#ffffff&#8221; header_3_text_color=&#8221;#ffffff&#8221; custom_margin=&#8221;||0px||false|false&#8221; custom_padding=&#8221;||0px||false|false&#8221; _i=&#8221;0&#8243; _address=&#8221;2.0.0.0&#8243;]<\/p>\n<h2><strong>Horario de Atenci\u00f3n<\/strong><\/h2>\n<p>&nbsp;<\/p>\n<p>[\/et_pb_text][et_pb_divider color=&#8221;#ffffff&#8221; divider_weight=&#8221;2px&#8221; _builder_version=&#8221;3.27.4&#8243; width=&#8221;80%&#8221; custom_margin=&#8221;-15px||5px||false|false&#8221; custom_padding=&#8221;0px||||false|false&#8221; _i=&#8221;1&#8243; _address=&#8221;2.0.0.1&#8243;][\/et_pb_divider][et_pb_text _builder_version=&#8221;3.27.4&#8243; text_text_color=&#8221;#bababa&#8221; header_text_color=&#8221;#ffffff&#8221; header_2_text_color=&#8221;#ffffff&#8221; header_3_text_color=&#8221;#ffffff&#8221; custom_margin=&#8221;0px||||false|false&#8221; custom_padding=&#8221;0px||||false|false&#8221; _i=&#8221;2&#8243; _address=&#8221;2.0.0.2&#8243;]<\/p>\n<p>Lunes &#8211; Viernes 08:00am &#8211; 06:00pm<br \/> <strong><\/strong><\/p>\n<p>Lunes &#8211; Viernes 08:00am &#8211; 06:00pm<\/p>\n<p>S\u00e1bado 09:00am &#8211; 12:00pm<\/p>\n<p>[\/et_pb_text][\/et_pb_column][et_pb_column type=&#8221;1_3&#8243; _builder_version=&#8221;3.27.4&#8243; _i=&#8221;1&#8243; _address=&#8221;2.0.1&#8243;][et_pb_text _builder_version=&#8221;3.27.4&#8243; text_text_color=&#8221;#bababa&#8221; header_text_color=&#8221;#ffffff&#8221; header_2_text_color=&#8221;#ffffff&#8221; header_3_text_color=&#8221;#ffffff&#8221; custom_margin=&#8221;||0px||false|false&#8221; custom_padding=&#8221;||0px||false|false&#8221; _i=&#8221;0&#8243; _address=&#8221;2.0.1.0&#8243;]<\/p>\n<h2><strong>Trujillo<\/strong><\/h2>\n<p>&nbsp;<\/p>\n<p>[\/et_pb_text][et_pb_divider color=&#8221;#ffffff&#8221; divider_weight=&#8221;2px&#8221; _builder_version=&#8221;3.27.4&#8243; width=&#8221;80%&#8221; custom_margin=&#8221;-15px||5px||false|false&#8221; custom_padding=&#8221;0px||||false|false&#8221; _i=&#8221;1&#8243; _address=&#8221;2.0.1.1&#8243;][\/et_pb_divider][et_pb_text _builder_version=&#8221;3.27.4&#8243; text_text_color=&#8221;#bababa&#8221; header_text_color=&#8221;#ffffff&#8221; header_2_text_color=&#8221;#ffffff&#8221; header_3_text_color=&#8221;#ffffff&#8221; custom_margin=&#8221;0px||||false|false&#8221; custom_padding=&#8221;0px||||false|false&#8221; _i=&#8221;2&#8243; _address=&#8221;2.0.1.2&#8243;]<\/p>\n<h3><strong>Direcci\u00f3n:<\/strong><\/h3>\n<p>Ca. Pedro Mu\u00f1iz Nro. 248<\/p>\n<p>(044) 232054 &#8211; 948171239<\/p>\n<p>ventas@dionsperu.com<\/p>\n<p>info@dionsperu.com<\/p>\n<p>[\/et_pb_text][\/et_pb_column][et_pb_column type=&#8221;1_3&#8243; _builder_version=&#8221;3.27.4&#8243; _i=&#8221;2&#8243; _address=&#8221;2.0.2&#8243;][et_pb_text _builder_version=&#8221;3.27.4&#8243; text_text_color=&#8221;#bababa&#8221; header_text_color=&#8221;#ffffff&#8221; header_2_text_color=&#8221;#ffffff&#8221; header_3_text_color=&#8221;#ffffff&#8221; custom_margin=&#8221;||0px||false|false&#8221; custom_padding=&#8221;||0px||false|false&#8221; _i=&#8221;0&#8243; _address=&#8221;2.0.2.0&#8243;]<\/p>\n<h2><strong>Lima<\/strong><\/h2>\n<p>&nbsp;<\/p>\n<p>[\/et_pb_text][et_pb_divider color=&#8221;#ffffff&#8221; divider_weight=&#8221;2px&#8221; _builder_version=&#8221;3.27.4&#8243; width=&#8221;80%&#8221; custom_margin=&#8221;-15px||5px||false|false&#8221; custom_padding=&#8221;0px||||false|false&#8221; _i=&#8221;1&#8243; _address=&#8221;2.0.2.1&#8243;][\/et_pb_divider][et_pb_text _builder_version=&#8221;3.27.4&#8243; text_text_color=&#8221;#bababa&#8221; header_text_color=&#8221;#ffffff&#8221; header_2_text_color=&#8221;#ffffff&#8221; header_3_text_color=&#8221;#ffffff&#8221; custom_margin=&#8221;0px||||false|false&#8221; custom_padding=&#8221;0px||||false|false&#8221; _i=&#8221;2&#8243; _address=&#8221;2.0.2.2&#8243;]<\/p>\n<h3><strong>Direcci\u00f3n:<\/strong><\/h3>\n<p>Av. Santa Rosa 845 Coop. Julio C. Tello<br \/>Sta. Anita<\/p>\n<p>(01)7045087 &#8211; 948846965 &#8211; 975142473<\/p>\n<p>ventas@dionsperu.com<\/p>\n<p>[\/et_pb_text][\/et_pb_column][\/et_pb_row][\/et_pb_section]<\/p>\n","protected":false},"excerpt":{"rendered":"<p>Dions ofrece la venta de los siguientes equipos industriales en Tratamiento Aguas: Equipos Ablandadores. Equipos Desmineralizadores. Osmosis Inversa. Catalizadores. Filtros Agua. Tanques Sedimentadores. L\u00e1mparas UV. Trujillo &nbsp;Direcci\u00f3n: Ca. Pedro Mu\u00f1iz Nro. 248 (044) 232054 &#8211; 948171239 ventas@dionsperu.com info@dionsperu.comLima &nbsp;Direcci\u00f3n: Av. Santa Rosa 845Coop. Julio C. Tello &#8211;\u00a0Sta. Anita (01)7045087 &#8211; 948846965 &#8211; 975142473 ventas@dionsperu.comHorario de [&hellip;]<\/p>\n","protected":false},"author":1,"featured_media":0,"parent":0,"menu_order":0,"comment_status":"closed","ping_status":"closed","template":"","meta":{"_et_pb_use_builder":"on","_et_pb_old_content":"","_et_gb_content_width":"","footnotes":""},"class_list":["post-145","page","type-page","status-publish","hentry"],"_links":{"self":[{"href":"https:\/\/dionsperu.com\/index.php\/wp-json\/wp\/v2\/pages\/145","targetHints":{"allow":["GET"]}}],"collection":[{"href":"https:\/\/dionsperu.com\/index.php\/wp-json\/wp\/v2\/pages"}],"about":[{"href":"https:\/\/dionsperu.com\/index.php\/wp-json\/wp\/v2\/types\/page"}],"author":[{"embeddable":true,"href":"https:\/\/dionsperu.com\/index.php\/wp-json\/wp\/v2\/users\/1"}],"replies":[{"embeddable":true,"href":"https:\/\/dionsperu.com\/index.php\/wp-json\/wp\/v2\/comments?post=145"}],"version-history":[{"count":2,"href":"https:\/\/dionsperu.com\/index.php\/wp-json\/wp\/v2\/pages\/145\/revisions"}],"predecessor-version":[{"id":148,"href":"https:\/\/dionsperu.com\/index.php\/wp-json\/wp\/v2\/pages\/145\/revisions\/148"}],"wp:attachment":[{"href":"https:\/\/dionsperu.com\/index.php\/wp-json\/wp\/v2\/media?parent=145"}],"curies":[{"name":"wp","href":"https:\/\/api.w.org\/{rel}","templated":true}]}}