{"id":19,"date":"2019-10-31T19:09:34","date_gmt":"2019-10-31T19:09:34","guid":{"rendered":"https:\/\/dionsperu.com\/?page_id=19"},"modified":"2019-11-26T04:49:10","modified_gmt":"2019-11-26T04:49:10","slug":"home","status":"publish","type":"page","link":"https:\/\/dionsperu.com\/","title":{"rendered":"Home"},"content":{"rendered":"<p>[et_pb_section fb_built=&#8221;1&#8243; _builder_version=&#8221;3.27.4&#8243; custom_margin=&#8221;0px||||false|false&#8221; custom_padding=&#8221;0px|||||&#8221; fb_built=&#8221;1&#8243; _i=&#8221;0&#8243; _address=&#8221;0&#8243;][et_pb_row _builder_version=&#8221;3.27.4&#8243; width=&#8221;100%&#8221; max_width=&#8221;2560px&#8221; height=&#8221;425px&#8221; _i=&#8221;0&#8243; _address=&#8221;0.0&#8243;][et_pb_column type=&#8221;4_4&#8243; _builder_version=&#8221;3.27.4&#8243; _i=&#8221;0&#8243; _address=&#8221;0.0.0&#8243;][et_pb_slider _builder_version=&#8221;3.27.4&#8243; height=&#8221;450px&#8221; custom_margin=&#8221;||||false|false&#8221; custom_padding=&#8221;||||false|false&#8221; _i=&#8221;0&#8243; _address=&#8221;0.0.0.0&#8243;][et_pb_slide heading=&#8221;PROFESIONALES ESPECIALIZADOS EN EL TRATAMIENTO DE AGUA PARA LA INDUSTRIA&#8221; _builder_version=&#8221;3.27.4&#8243; header_font=&#8221;Varela Round|700|||||||&#8221; header_text_align=&#8221;left&#8221; header_text_color=&#8221;#01488a&#8221; header_font_size=&#8221;2.4vw&#8221; header_line_height=&#8221;1.3em&#8221; header_text_shadow_style=&#8221;preset4&#8243; header_text_shadow_color=&#8221;#ffffff&#8221; background_enable_color=&#8221;off&#8221; use_background_color_gradient=&#8221;on&#8221; background_color_gradient_start=&#8221;rgba(255,255,255,0)&#8221; background_color_gradient_end=&#8221;rgba(255,255,255,0.4)&#8221; background_color_gradient_direction=&#8221;208deg&#8221; background_color_gradient_start_position=&#8221;40%&#8221; background_color_gradient_end_position=&#8221;68%&#8221; background_color_gradient_overlays_image=&#8221;on&#8221; background_image=&#8221;https:\/\/dionsperu.com\/wp-content\/uploads\/2019\/10\/slider1.jpg&#8221; background_enable_image=&#8221;on&#8221; custom_padding=&#8221;12%|53%|||false|false&#8221; custom_padding_tablet=&#8221;38%|25%|||false|false&#8221; custom_padding_phone=&#8221;77%|0%||0%|false|false&#8221; custom_padding_last_edited=&#8221;on|tablet&#8221; hover_enabled=&#8221;0&#8243; header_text_align_phone=&#8221;center&#8221; header_text_align_last_edited=&#8221;on|phone&#8221; header_font_size_tablet=&#8221;4.2vw&#8221; header_font_size_phone=&#8221;4.3vw&#8221; header_font_size_last_edited=&#8221;on|phone&#8221; background_last_edited=&#8221;on|phone&#8221; background_color_gradient_end_tablet=&#8221;rgba(255,255,255,0.45)&#8221; background_color_gradient_direction_tablet=&#8221;180deg&#8221; background_color_gradient_start_position_tablet=&#8221;43%&#8221; background_color_gradient_end_position_tablet=&#8221;73%&#8221; background_image_phone=&#8221;https:\/\/dionsperu.com\/wp-content\/uploads\/2019\/10\/slider1b.jpg&#8221; background_enable_image_phone=&#8221;on&#8221; background_size_tablet=&#8221;cover&#8221; background_position_tablet=&#8221;center_right&#8221; background_position_phone=&#8221;center&#8221; _i=&#8221;0&#8243; _address=&#8221;0.0.0.0.0&#8243;][\/et_pb_slide][et_pb_slide heading=&#8221;PLANTA DE TRATAMIENTO DE AGUAS RESIDUALES INDUSTRIALES&#8221; _builder_version=&#8221;3.27.4&#8243; header_font=&#8221;Varela Round|700|||||||&#8221; header_text_align=&#8221;left&#8221; header_text_color=&#8221;#01488a&#8221; header_font_size=&#8221;2.4vw&#8221; header_line_height=&#8221;1.3em&#8221; header_text_shadow_style=&#8221;preset4&#8243; header_text_shadow_color=&#8221;#ffffff&#8221; background_enable_color=&#8221;off&#8221; use_background_color_gradient=&#8221;on&#8221; background_color_gradient_start=&#8221;rgba(255,255,255,0)&#8221; background_color_gradient_end=&#8221;rgba(255,255,255,0.4)&#8221; background_color_gradient_direction=&#8221;270deg&#8221; background_color_gradient_end_position=&#8221;70%&#8221; background_color_gradient_overlays_image=&#8221;on&#8221; background_image=&#8221;https:\/\/dionsperu.com\/wp-content\/uploads\/2019\/10\/slider2.jpg&#8221; background_enable_image=&#8221;on&#8221; custom_padding=&#8221;|45%|||false|false&#8221; custom_padding_tablet=&#8221;40%|25%|||false|false&#8221; custom_padding_phone=&#8221;70%|5%|||false|false&#8221; custom_padding_last_edited=&#8221;on|tablet&#8221; hover_enabled=&#8221;0&#8243; header_text_align_phone=&#8221;center&#8221; header_text_align_last_edited=&#8221;on|phone&#8221; header_font_size_tablet=&#8221;4.2vw&#8221; header_font_size_phone=&#8221;5.4vw&#8221; header_font_size_last_edited=&#8221;on|phone&#8221; background_last_edited=&#8221;on|phone&#8221; background_color_gradient_end_phone=&#8221;rgba(255,255,255,0.8)&#8221; background_color_gradient_direction_phone=&#8221;180deg&#8221; background_color_gradient_start_position_phone=&#8221;45%&#8221; background_color_gradient_end_position_phone=&#8221;97%&#8221; background_image_phone=&#8221;https:\/\/dionsperu.com\/wp-content\/uploads\/2019\/10\/slider2b.jpg&#8221; background_enable_image_phone=&#8221;on&#8221; background_size_tablet=&#8221;cover&#8221; background_position_tablet=&#8221;center_right&#8221; background_position_phone=&#8221;center&#8221; _i=&#8221;1&#8243; _address=&#8221;0.0.0.0.1&#8243;][\/et_pb_slide][et_pb_slide heading=&#8221;LABORATORIO DE AN\u00c1LISIS F\u00cdSICOS QU\u00cdMICOS&#8221; _builder_version=&#8221;3.27.4&#8243; header_font=&#8221;Varela Round|700|||||||&#8221; header_text_align=&#8221;left&#8221; header_text_color=&#8221;#01488a&#8221; header_font_size=&#8221;2.4vw&#8221; header_line_height=&#8221;1.3em&#8221; header_text_shadow_style=&#8221;preset4&#8243; header_text_shadow_color=&#8221;#ffffff&#8221; background_enable_color=&#8221;off&#8221; use_background_color_gradient=&#8221;on&#8221; background_color_gradient_start=&#8221;rgba(255,255,255,0)&#8221; background_color_gradient_end=&#8221;rgba(255,255,255,0.4)&#8221; background_color_gradient_direction=&#8221;270deg&#8221; background_color_gradient_end_position=&#8221;70%&#8221; background_color_gradient_overlays_image=&#8221;on&#8221; background_image=&#8221;https:\/\/dionsperu.com\/wp-content\/uploads\/2019\/10\/slider3.jpg&#8221; background_enable_image=&#8221;on&#8221; custom_padding=&#8221;|45%|||false|false&#8221; custom_padding_tablet=&#8221;40%|25%|||false|false&#8221; custom_padding_phone=&#8221;80%|5%|||false|false&#8221; custom_padding_last_edited=&#8221;on|tablet&#8221; hover_enabled=&#8221;0&#8243; header_text_align_phone=&#8221;center&#8221; header_text_align_last_edited=&#8221;on|phone&#8221; header_font_size_tablet=&#8221;4.2vw&#8221; header_font_size_phone=&#8221;5.4vw&#8221; header_font_size_last_edited=&#8221;on|phone&#8221; background_last_edited=&#8221;on|phone&#8221; background_image_phone=&#8221;https:\/\/dionsperu.com\/wp-content\/uploads\/2019\/10\/slider3b.jpg&#8221; background_enable_image_phone=&#8221;on&#8221; background_size_tablet=&#8221;cover&#8221; background_position_tablet=&#8221;center_right&#8221; background_position_phone=&#8221;center&#8221; _i=&#8221;2&#8243; _address=&#8221;0.0.0.0.2&#8243;][\/et_pb_slide][\/et_pb_slider][\/et_pb_column][\/et_pb_row][\/et_pb_section][et_pb_section fb_built=&#8221;1&#8243; _builder_version=&#8221;3.27.4&#8243; fb_built=&#8221;1&#8243; _i=&#8221;1&#8243; _address=&#8221;1&#8243;][et_pb_row _builder_version=&#8221;3.27.4&#8243; custom_margin=&#8221;0px||0px||false|false&#8221; custom_padding=&#8221;0px||0px||false|false&#8221; _i=&#8221;0&#8243; _address=&#8221;1.0&#8243;][et_pb_column type=&#8221;4_4&#8243; _builder_version=&#8221;3.27.4&#8243; _i=&#8221;0&#8243; _address=&#8221;1.0.0&#8243;][et_pb_text _builder_version=&#8221;3.27.4&#8243; header_font=&#8221;Varela Round||||||||&#8221; header_3_font=&#8221;Varela Round||||||||&#8221; header_3_text_color=&#8221;#01488a&#8221; custom_margin=&#8221;||0px||false|false&#8221; _i=&#8221;0&#8243; _address=&#8221;1.0.0.0&#8243;]<\/p>\n<h3 style=\"text-align: center;\"><strong>NUESTROS CLIENTES SON NUESTRA MEJOR GARANT\u00cdA<\/strong><\/h3>\n<p>[\/et_pb_text][et_pb_divider color=&#8221;#01488a&#8221; divider_weight=&#8221;2px&#8221; _builder_version=&#8221;3.27.4&#8243; custom_margin=&#8221;10px|45%||45%|false|false&#8221; custom_padding=&#8221;0px||||false|false&#8221; _i=&#8221;1&#8243; _address=&#8221;1.0.0.1&#8243;][\/et_pb_divider][\/et_pb_column][\/et_pb_row][et_pb_row column_structure=&#8221;1_6,1_6,1_6,1_6,1_6,1_6&#8243; use_custom_gutter=&#8221;on&#8221; gutter_width=&#8221;1&#8243; _builder_version=&#8221;3.27.4&#8243; custom_margin=&#8221;0px||||false|false&#8221; custom_padding=&#8221;10px||||false|false&#8221; _i=&#8221;1&#8243; _address=&#8221;1.1&#8243;][et_pb_column type=&#8221;1_6&#8243; _builder_version=&#8221;3.27.4&#8243; _i=&#8221;0&#8243; _address=&#8221;1.1.0&#8243;][et_pb_image src=&#8221;https:\/\/dionsperu.com\/wp-content\/uploads\/2019\/10\/upao_interna-165&#215;80.jpg&#8221; align=&#8221;center&#8221; _builder_version=&#8221;3.27.4&#8243; _i=&#8221;0&#8243; _address=&#8221;1.1.0.0&#8243;][\/et_pb_image][\/et_pb_column][et_pb_column type=&#8221;1_6&#8243; _builder_version=&#8221;3.27.4&#8243; _i=&#8221;1&#8243; _address=&#8221;1.1.1&#8243;][et_pb_image src=&#8221;https:\/\/dionsperu.com\/wp-content\/uploads\/2019\/10\/alicorp_0-129&#215;80.png&#8221; align=&#8221;center&#8221; _builder_version=&#8221;3.27.4&#8243; _i=&#8221;0&#8243; _address=&#8221;1.1.1.0&#8243;][\/et_pb_image][\/et_pb_column][et_pb_column type=&#8221;1_6&#8243; _builder_version=&#8221;3.27.4&#8243; _i=&#8221;2&#8243; _address=&#8221;1.1.2&#8243;][et_pb_image src=&#8221;https:\/\/dionsperu.com\/wp-content\/uploads\/2019\/10\/chimu-173&#215;80.png&#8221; align=&#8221;center&#8221; _builder_version=&#8221;3.27.4&#8243; _i=&#8221;0&#8243; _address=&#8221;1.1.2.0&#8243;][\/et_pb_image][\/et_pb_column][et_pb_column type=&#8221;1_6&#8243; _builder_version=&#8221;3.27.4&#8243; _i=&#8221;3&#8243; _address=&#8221;1.1.3&#8243;][et_pb_image src=&#8221;https:\/\/dionsperu.com\/wp-content\/uploads\/2019\/10\/XPEQ26-134&#215;80.jpg&#8221; align=&#8221;center&#8221; _builder_version=&#8221;3.27.4&#8243; _i=&#8221;0&#8243; _address=&#8221;1.1.3.0&#8243;][\/et_pb_image][\/et_pb_column][et_pb_column type=&#8221;1_6&#8243; _builder_version=&#8221;3.27.4&#8243; _i=&#8221;4&#8243; _address=&#8221;1.1.4&#8243;][et_pb_image src=&#8221;https:\/\/dionsperu.com\/wp-content\/uploads\/2019\/10\/famesalogo-202&#215;80.png&#8221; align=&#8221;center&#8221; _builder_version=&#8221;3.27.4&#8243; _i=&#8221;0&#8243; _address=&#8221;1.1.4.0&#8243;][\/et_pb_image][\/et_pb_column][et_pb_column type=&#8221;1_6&#8243; _builder_version=&#8221;3.27.4&#8243; _i=&#8221;5&#8243; _address=&#8221;1.1.5&#8243;][et_pb_image src=&#8221;https:\/\/dionsperu.com\/wp-content\/uploads\/2019\/10\/winterspintadofondo-105&#215;80.png&#8221; align=&#8221;center&#8221; _builder_version=&#8221;3.27.4&#8243; _i=&#8221;0&#8243; _address=&#8221;1.1.5.0&#8243;][\/et_pb_image][\/et_pb_column][\/et_pb_row][et_pb_row column_structure=&#8221;1_6,1_6,1_6,1_6,1_6,1_6&#8243; use_custom_gutter=&#8221;on&#8221; gutter_width=&#8221;1&#8243; _builder_version=&#8221;3.27.4&#8243; custom_margin=&#8221;0px||||false|false&#8221; custom_padding=&#8221;10px||||false|false&#8221; _i=&#8221;2&#8243; _address=&#8221;1.2&#8243;][et_pb_column type=&#8221;1_6&#8243; _builder_version=&#8221;3.27.4&#8243; _i=&#8221;0&#8243; _address=&#8221;1.2.0&#8243;][et_pb_image src=&#8221;https:\/\/dionsperu.com\/wp-content\/uploads\/2019\/10\/3cartavio-105&#215;80.png&#8221; align=&#8221;center&#8221; _builder_version=&#8221;3.27.4&#8243; _i=&#8221;0&#8243; _address=&#8221;1.2.0.0&#8243;][\/et_pb_image][\/et_pb_column][et_pb_column type=&#8221;1_6&#8243; _builder_version=&#8221;3.27.4&#8243; _i=&#8221;1&#8243; _address=&#8221;1.2.1&#8243;][et_pb_image src=&#8221;https:\/\/dionsperu.com\/wp-content\/uploads\/2019\/10\/yugoave-logo-89&#215;80.jpg&#8221; align=&#8221;center&#8221; _builder_version=&#8221;3.27.4&#8243; _i=&#8221;0&#8243; _address=&#8221;1.2.1.0&#8243;][\/et_pb_image][\/et_pb_column][et_pb_column type=&#8221;1_6&#8243; _builder_version=&#8221;3.27.4&#8243; _i=&#8221;2&#8243; _address=&#8221;1.2.2&#8243;][et_pb_image src=&#8221;https:\/\/dionsperu.com\/wp-content\/uploads\/2019\/10\/tdm-80&#215;80.png&#8221; align=&#8221;center&#8221; _builder_version=&#8221;3.27.4&#8243; _i=&#8221;0&#8243; _address=&#8221;1.2.2.0&#8243;][\/et_pb_image][\/et_pb_column][et_pb_column type=&#8221;1_6&#8243; _builder_version=&#8221;3.27.4&#8243; _i=&#8221;3&#8243; _address=&#8221;1.2.3&#8243;][et_pb_image src=&#8221;https:\/\/dionsperu.com\/wp-content\/uploads\/2019\/10\/cassinelli-129&#215;80.jpg&#8221; align=&#8221;center&#8221; _builder_version=&#8221;3.27.4&#8243; _i=&#8221;0&#8243; _address=&#8221;1.2.3.0&#8243;][\/et_pb_image][\/et_pb_column][et_pb_column type=&#8221;1_6&#8243; _builder_version=&#8221;3.27.4&#8243; _i=&#8221;4&#8243; _address=&#8221;1.2.4&#8243;][et_pb_image src=&#8221;https:\/\/dionsperu.com\/wp-content\/uploads\/2019\/10\/logogreenperu-150&#215;80.jpg&#8221; align=&#8221;center&#8221; _builder_version=&#8221;3.27.4&#8243; _i=&#8221;0&#8243; _address=&#8221;1.2.4.0&#8243;][\/et_pb_image][\/et_pb_column][et_pb_column type=&#8221;1_6&#8243; _builder_version=&#8221;3.27.4&#8243; _i=&#8221;5&#8243; _address=&#8221;1.2.5&#8243;][et_pb_image src=&#8221;https:\/\/dionsperu.com\/wp-content\/uploads\/2019\/10\/unt-81&#215;80.jpg&#8221; align=&#8221;center&#8221; _builder_version=&#8221;3.27.4&#8243; _i=&#8221;0&#8243; _address=&#8221;1.2.5.0&#8243;][\/et_pb_image][\/et_pb_column][\/et_pb_row][et_pb_row column_structure=&#8221;1_5,1_5,1_5,1_5,1_5&#8243; use_custom_gutter=&#8221;on&#8221; gutter_width=&#8221;1&#8243; _builder_version=&#8221;3.27.4&#8243; custom_margin=&#8221;0px||||false|false&#8221; custom_padding=&#8221;10px||||false|false&#8221; _i=&#8221;3&#8243; _address=&#8221;1.3&#8243;][et_pb_column type=&#8221;1_5&#8243; _builder_version=&#8221;3.27.4&#8243; _i=&#8221;0&#8243; _address=&#8221;1.3.0&#8243;][et_pb_image src=&#8221;https:\/\/dionsperu.com\/wp-content\/uploads\/2019\/10\/AGRONEGOCIOS-234&#215;80.jpg&#8221; align=&#8221;center&#8221; _builder_version=&#8221;3.27.4&#8243; _i=&#8221;0&#8243; _address=&#8221;1.3.0.0&#8243;][\/et_pb_image][\/et_pb_column][et_pb_column type=&#8221;1_5&#8243; _builder_version=&#8221;3.27.4&#8243; _i=&#8221;1&#8243; _address=&#8221;1.3.1&#8243;][et_pb_image src=&#8221;https:\/\/dionsperu.com\/wp-content\/uploads\/2019\/10\/valpesa-156&#215;80.jpg&#8221; align=&#8221;center&#8221; _builder_version=&#8221;3.27.4&#8243; _i=&#8221;0&#8243; _address=&#8221;1.3.1.0&#8243;][\/et_pb_image][\/et_pb_column][et_pb_column type=&#8221;1_5&#8243; _builder_version=&#8221;3.27.4&#8243; _i=&#8221;2&#8243; _address=&#8221;1.3.2&#8243;][et_pb_image src=&#8221;https:\/\/dionsperu.com\/wp-content\/uploads\/2019\/10\/pronex.png&#8221; align=&#8221;center&#8221; _builder_version=&#8221;3.27.4&#8243; _i=&#8221;0&#8243; _address=&#8221;1.3.2.0&#8243;][\/et_pb_image][\/et_pb_column][et_pb_column type=&#8221;1_5&#8243; _builder_version=&#8221;3.27.4&#8243; _i=&#8221;3&#8243; _address=&#8221;1.3.3&#8243;][et_pb_image src=&#8221;https:\/\/dionsperu.com\/wp-content\/uploads\/2019\/10\/globenatural.png&#8221; align=&#8221;center&#8221; _builder_version=&#8221;3.27.4&#8243; _i=&#8221;0&#8243; _address=&#8221;1.3.3.0&#8243;][\/et_pb_image][\/et_pb_column][et_pb_column type=&#8221;1_5&#8243; _builder_version=&#8221;3.27.4&#8243; _i=&#8221;4&#8243; _address=&#8221;1.3.4&#8243;][et_pb_image src=&#8221;https:\/\/dionsperu.com\/wp-content\/uploads\/2019\/10\/electroandina.jpg&#8221; align=&#8221;center&#8221; _builder_version=&#8221;3.27.4&#8243; _i=&#8221;0&#8243; _address=&#8221;1.3.4.0&#8243;][\/et_pb_image][\/et_pb_column][\/et_pb_row][\/et_pb_section][et_pb_section fb_built=&#8221;1&#8243; _builder_version=&#8221;3.27.4&#8243; background_color=&#8221;#000000&#8243; global_module=&#8221;64&#8243; saved_tabs=&#8221;all&#8221; fb_built=&#8221;1&#8243; _i=&#8221;0&#8243; _address=&#8221;2&#8243;][et_pb_row column_structure=&#8221;1_3,1_3,1_3&#8243; _builder_version=&#8221;3.27.4&#8243; _i=&#8221;0&#8243; _address=&#8221;2.0&#8243;][et_pb_column type=&#8221;1_3&#8243; _builder_version=&#8221;3.27.4&#8243; _i=&#8221;0&#8243; _address=&#8221;2.0.0&#8243;][et_pb_text _builder_version=&#8221;3.27.4&#8243; text_text_color=&#8221;#bababa&#8221; header_text_color=&#8221;#ffffff&#8221; header_2_text_color=&#8221;#ffffff&#8221; header_3_text_color=&#8221;#ffffff&#8221; custom_margin=&#8221;||0px||false|false&#8221; custom_padding=&#8221;||0px||false|false&#8221; _i=&#8221;0&#8243; _address=&#8221;2.0.0.0&#8243;]<\/p>\n<h2><strong>Horario de Atenci\u00f3n<\/strong><\/h2>\n<p>&nbsp;<\/p>\n<p>[\/et_pb_text][et_pb_divider color=&#8221;#ffffff&#8221; divider_weight=&#8221;2px&#8221; _builder_version=&#8221;3.27.4&#8243; width=&#8221;80%&#8221; custom_margin=&#8221;-15px||5px||false|false&#8221; custom_padding=&#8221;0px||||false|false&#8221; _i=&#8221;1&#8243; _address=&#8221;2.0.0.1&#8243;][\/et_pb_divider][et_pb_text _builder_version=&#8221;3.27.4&#8243; text_text_color=&#8221;#bababa&#8221; header_text_color=&#8221;#ffffff&#8221; header_2_text_color=&#8221;#ffffff&#8221; header_3_text_color=&#8221;#ffffff&#8221; custom_margin=&#8221;0px||||false|false&#8221; custom_padding=&#8221;0px||||false|false&#8221; _i=&#8221;2&#8243; _address=&#8221;2.0.0.2&#8243;]<\/p>\n<p>Lunes &#8211; Viernes 08:00am &#8211; 06:00pm<br \/> <strong><\/strong><\/p>\n<p>Lunes &#8211; Viernes 08:00am &#8211; 06:00pm<\/p>\n<p>S\u00e1bado 09:00am &#8211; 12:00pm<\/p>\n<p>[\/et_pb_text][\/et_pb_column][et_pb_column type=&#8221;1_3&#8243; _builder_version=&#8221;3.27.4&#8243; _i=&#8221;1&#8243; _address=&#8221;2.0.1&#8243;][et_pb_text _builder_version=&#8221;3.27.4&#8243; text_text_color=&#8221;#bababa&#8221; header_text_color=&#8221;#ffffff&#8221; header_2_text_color=&#8221;#ffffff&#8221; header_3_text_color=&#8221;#ffffff&#8221; custom_margin=&#8221;||0px||false|false&#8221; custom_padding=&#8221;||0px||false|false&#8221; _i=&#8221;0&#8243; _address=&#8221;2.0.1.0&#8243;]<\/p>\n<h2><strong>Trujillo<\/strong><\/h2>\n<p>&nbsp;<\/p>\n<p>[\/et_pb_text][et_pb_divider color=&#8221;#ffffff&#8221; divider_weight=&#8221;2px&#8221; _builder_version=&#8221;3.27.4&#8243; width=&#8221;80%&#8221; custom_margin=&#8221;-15px||5px||false|false&#8221; custom_padding=&#8221;0px||||false|false&#8221; _i=&#8221;1&#8243; _address=&#8221;2.0.1.1&#8243;][\/et_pb_divider][et_pb_text _builder_version=&#8221;3.27.4&#8243; text_text_color=&#8221;#bababa&#8221; header_text_color=&#8221;#ffffff&#8221; header_2_text_color=&#8221;#ffffff&#8221; header_3_text_color=&#8221;#ffffff&#8221; custom_margin=&#8221;0px||||false|false&#8221; custom_padding=&#8221;0px||||false|false&#8221; _i=&#8221;2&#8243; _address=&#8221;2.0.1.2&#8243;]<\/p>\n<h3><strong>Direcci\u00f3n:<\/strong><\/h3>\n<p>Ca. Pedro Mu\u00f1iz 248<\/p>\n<p>(044) 760466 &#8211; 958015937 &#8211; 948171239 &#8211; 948846965<\/p>\n<p>ventas@dionsperu.com<\/p>\n<p>info@dionsperu.com<\/p>\n<p>[\/et_pb_text][\/et_pb_column][et_pb_column type=&#8221;1_3&#8243; _builder_version=&#8221;3.27.4&#8243; _i=&#8221;2&#8243; _address=&#8221;2.0.2&#8243;][et_pb_text _builder_version=&#8221;3.27.4&#8243; text_text_color=&#8221;#bababa&#8221; header_text_color=&#8221;#ffffff&#8221; header_2_text_color=&#8221;#ffffff&#8221; header_3_text_color=&#8221;#ffffff&#8221; custom_margin=&#8221;||0px||false|false&#8221; custom_padding=&#8221;||0px||false|false&#8221; _i=&#8221;0&#8243; _address=&#8221;2.0.2.0&#8243;]<\/p>\n<h2><strong>Lima<\/strong><\/h2>\n<p>&nbsp;<\/p>\n<p>[\/et_pb_text][et_pb_divider color=&#8221;#ffffff&#8221; divider_weight=&#8221;2px&#8221; _builder_version=&#8221;3.27.4&#8243; width=&#8221;80%&#8221; custom_margin=&#8221;-15px||5px||false|false&#8221; custom_padding=&#8221;0px||||false|false&#8221; _i=&#8221;1&#8243; _address=&#8221;2.0.2.1&#8243;][\/et_pb_divider][et_pb_text _builder_version=&#8221;3.27.4&#8243; text_text_color=&#8221;#bababa&#8221; header_text_color=&#8221;#ffffff&#8221; header_2_text_color=&#8221;#ffffff&#8221; header_3_text_color=&#8221;#ffffff&#8221; custom_margin=&#8221;0px||||false|false&#8221; custom_padding=&#8221;0px||||false|false&#8221; _i=&#8221;2&#8243; _address=&#8221;2.0.2.2&#8243;]<\/p>\n<h3><strong>Direcci\u00f3n:<\/strong><\/h3>\n<p>Av. Santa Rosa 845 Coop. Julio C. Tello<br \/>Sta. Anita<\/p>\n<p>(01)7045087 &#8211; 948846965 &#8211; 975142473<\/p>\n<p>ventas@dionsperu.com<\/p>\n<p>[\/et_pb_text][\/et_pb_column][\/et_pb_row][\/et_pb_section]<\/p>\n","protected":false},"excerpt":{"rendered":"<p>NUESTROS CLIENTES SON NUESTRA MEJOR GARANT\u00cdAHorario de Atenci\u00f3n &nbsp;Lunes &#8211; Viernes 08:00am &#8211; 06:00pm Lunes &#8211; Viernes 08:00am &#8211; 06:00pm S\u00e1bado 09:00am &#8211; 12:00pmTrujillo &nbsp;Direcci\u00f3n: Ca. Pedro Mu\u00f1iz 248 (044) 760466 &#8211; 958015937 &#8211; 948171239 &#8211; 948846965 ventas@dionsperu.com info@dionsperu.comLima &nbsp;Direcci\u00f3n: Av. Santa Rosa 845 Coop. Julio C. TelloSta. Anita (01)7045087 &#8211; 948846965 &#8211; 975142473 ventas@dionsperu.com<\/p>\n","protected":false},"author":1,"featured_media":0,"parent":0,"menu_order":0,"comment_status":"closed","ping_status":"closed","template":"","meta":{"_et_pb_use_builder":"on","_et_pb_old_content":"<!-- wp:divi\/placeholder \/-->","_et_gb_content_width":"","footnotes":""},"class_list":["post-19","page","type-page","status-publish","hentry"],"_links":{"self":[{"href":"https:\/\/dionsperu.com\/index.php\/wp-json\/wp\/v2\/pages\/19","targetHints":{"allow":["GET"]}}],"collection":[{"href":"https:\/\/dionsperu.com\/index.php\/wp-json\/wp\/v2\/pages"}],"about":[{"href":"https:\/\/dionsperu.com\/index.php\/wp-json\/wp\/v2\/types\/page"}],"author":[{"embeddable":true,"href":"https:\/\/dionsperu.com\/index.php\/wp-json\/wp\/v2\/users\/1"}],"replies":[{"embeddable":true,"href":"https:\/\/dionsperu.com\/index.php\/wp-json\/wp\/v2\/comments?post=19"}],"version-history":[{"count":13,"href":"https:\/\/dionsperu.com\/index.php\/wp-json\/wp\/v2\/pages\/19\/revisions"}],"predecessor-version":[{"id":192,"href":"https:\/\/dionsperu.com\/index.php\/wp-json\/wp\/v2\/pages\/19\/revisions\/192"}],"wp:attachment":[{"href":"https:\/\/dionsperu.com\/index.php\/wp-json\/wp\/v2\/media?parent=19"}],"curies":[{"name":"wp","href":"https:\/\/api.w.org\/{rel}","templated":true}]}}