{"id":68,"date":"2019-10-31T21:46:08","date_gmt":"2019-10-31T21:46:08","guid":{"rendered":"https:\/\/dionsperu.com\/?page_id=68"},"modified":"2019-10-31T22:23:33","modified_gmt":"2019-10-31T22:23:33","slug":"quienes-somos","status":"publish","type":"page","link":"https:\/\/dionsperu.com\/index.php\/quienes-somos\/","title":{"rendered":"QUIENES SOMOS"},"content":{"rendered":"<p>[et_pb_section fb_built=&#8221;1&#8243; fullwidth=&#8221;on&#8221; _builder_version=&#8221;3.27.4&#8243;][et_pb_fullwidth_post_title _builder_version=&#8221;3.27.4&#8243; hover_enabled=&#8221;0&#8243; meta=&#8221;off&#8221; featured_image=&#8221;off&#8221; title_font=&#8221;Varela Round|700|||||||&#8221; title_text_color=&#8221;#ffffff&#8221; background_color=&#8221;#01488a&#8221;][\/et_pb_fullwidth_post_title][\/et_pb_section][et_pb_section fb_built=&#8221;1&#8243; _builder_version=&#8221;3.27.4&#8243; fb_built=&#8221;1&#8243; _i=&#8221;0&#8243; _address=&#8221;0&#8243;][et_pb_row column_structure=&#8221;2_3,1_3&#8243; _builder_version=&#8221;3.27.4&#8243; _i=&#8221;0&#8243; _address=&#8221;0.0&#8243;][et_pb_column type=&#8221;2_3&#8243; _builder_version=&#8221;3.27.4&#8243; _i=&#8221;0&#8243; _address=&#8221;0.0.0&#8243;][et_pb_text _builder_version=&#8221;3.27.4&#8243; _i=&#8221;0&#8243; _address=&#8221;0.0.0.0&#8243;]<\/p>\n<h3>EMPRESA PERUANA CON M\u00c1S DE 25 A\u00d1OS DE EXPERIENCIA<\/h3>\n<p>Brindamos soluciones integrales en tratamiento de aguas, para distintos rubros como la actividad agr\u00edcola, industria de alimentos, industria de curtiembres, textiles, Miner\u00eda, Hidrocarburos e industria en general.<\/p>\n<p>Dedicada a la fabricaci\u00f3n y comercializaci\u00f3n de productos qu\u00edmicos y reactivos para tratamiento de aguas, venta de equipos industriales:<\/p>\n<p>Ablandadores, Filtros de agua, Desmineralizadores, Osmosis Inversa, etc. Plantas de Tratamiento de Aguas Residuales Industriales y Dom\u00e9sticas. Servicio de limpieza qu\u00edmica de equipos, tuber\u00edas y tanques cisternas. An\u00e1lisis F\u00edsico Qu\u00edmicos y Microbiol\u00f3gicos en aguas y An\u00e1lisis Bromatol\u00f3gicos en Alimentos.<\/p>\n<p>DIONS cuenta con su propia Planta y un Laboratorio equipado para poder realizar un estudio completo de las necesidades de nuestros clientes y poder ofrecerles una soluci\u00f3n optima para el tratamiento de sus aguas tanto a nivel de producci\u00f3n como para su reutilizaci\u00f3n o reciclaje.<\/p>\n<h3>MISI\u00d3N<\/h3>\n<p>Atender y satisfacer las necesidades de nuestros clientes, por medio de nuestros productos y servicios en Tratamiento de Aguas con precios competitivos en el mercado y atenci\u00f3n personalizada.<\/p>\n<h3>VISI\u00d3N<\/h3>\n<p>Ser una empresa l\u00edder en el Per\u00fa en la comercializaci\u00f3n de los productos qu\u00edmicos, equipos y servicios para Tratamiento de Aguas en la industria. Logrando establecernos en el mercado con solidez y crecimiento.<\/p>\n<h3>OBJETIVOS<\/h3>\n<ul>\n<li>Brindar un asesoramiento personalizado a nuestros clientes.<\/li>\n<li>Realizar capacitaciones en el rubro de tratamiento de aguas a nuestros clientes.<\/li>\n<li>Asesorar, monitorear y controlar la aplicaci\u00f3n de nuestros productos qu\u00edmicos en calderos, sistemas de enfriamiento y otros.<\/li>\n<li>Fomentar el desarrollo de proyectos en Tratamiento de Aguas Residuales Industriales para el crecimiento del sector medio ambiental en las empresas.<\/li>\n<li>Desarrollar la mejora continua con cada uno de nuestros clientes en la gesti\u00f3n del agua en las empresas.<\/li>\n<\/ul>\n<h3>VALORES<\/h3>\n<ul>\n<li>Etica Profesional.<\/li>\n<li>Mejora Continua.<\/li>\n<li>Protecci\u00f3n al medio ambiente.<\/li>\n<li>Constante Innovaci\u00f3n.<\/li>\n<li>Veracidad con nuestros resultados obtenidos.<\/li>\n<\/ul>\n<p>[\/et_pb_text][\/et_pb_column][et_pb_column type=&#8221;1_3&#8243; _builder_version=&#8221;3.27.4&#8243; border_radii=&#8221;on|0px|0px|0px|0px&#8221; border_color_all=&#8221;#aaaaaa&#8221; border_width_right=&#8221;2px&#8221; border_width_left=&#8221;2px&#8221; custom_padding=&#8221;|3%||3%|false|false&#8221; _i=&#8221;1&#8243; _address=&#8221;0.0.1&#8243;][et_pb_text _builder_version=&#8221;3.27.4&#8243; _i=&#8221;0&#8243; _address=&#8221;0.0.1.0&#8243;]<iframe loading=\"lazy\" src=\"https:\/\/www.google.com\/maps\/embed?pb=!1m18!1m12!1m3!1d3949.916309519135!2d-79.03589538521979!3d-8.110004094161566!2m3!1f0!2f0!3f0!3m2!1i1024!2i768!4f13.1!3m3!1m2!1s0x91ad3d9b9c9398ff%3A0xfd0cf006b57aa0fb!2sAv%20Pedro%20Mu%C3%B1iz%20248%2C%20Distrito%20de%20V%C3%ADctor%20Larco%20Herrera%2013011!5e0!3m2!1ses!2spe!4v1572559009350!5m2!1ses!2spe\" width=\"95%\" height=\"220vw\" frameborder=\"0\" style=\"border:0;\" allowfullscreen=\"\"><\/iframe>[\/et_pb_text][et_pb_text _builder_version=&#8221;3.27.4&#8243; text_text_color=&#8221;#bababa&#8221; header_text_color=&#8221;#000000&#8243; header_2_text_color=&#8221;#01488a&#8221; header_3_text_color=&#8221;#01488a&#8221; custom_margin=&#8221;||0px||false|false&#8221; custom_padding=&#8221;||0px||false|false&#8221; _i=&#8221;1&#8243; _address=&#8221;0.0.1.1&#8243;]<\/p>\n<h3><strong>Trujillo<\/strong><\/h3>\n<p>&nbsp;<\/p>\n<p>[\/et_pb_text][et_pb_divider color=&#8221;#01488a&#8221; divider_weight=&#8221;2px&#8221; _builder_version=&#8221;3.27.4&#8243; width=&#8221;80%&#8221; custom_margin=&#8221;-15px||5px||false|false&#8221; custom_padding=&#8221;0px||||false|false&#8221; locked=&#8221;off&#8221; _i=&#8221;2&#8243; _address=&#8221;0.0.1.2&#8243;][\/et_pb_divider][et_pb_text _builder_version=&#8221;3.27.4&#8243; text_text_color=&#8221;#444444&#8243; header_text_color=&#8221;#ffffff&#8221; header_2_text_color=&#8221;#ffffff&#8221; header_3_text_color=&#8221;#000000&#8243; header_3_font_size=&#8221;17px&#8221; custom_margin=&#8221;0px||30px||false|false&#8221; custom_padding=&#8221;0px||||false|false&#8221; locked=&#8221;off&#8221; _i=&#8221;3&#8243; _address=&#8221;0.0.1.3&#8243;]<\/p>\n<h3><strong>Direcci\u00f3n:<\/strong><\/h3>\n<p>Ca. Pedro Mu\u00f1iz Nro. 248<\/p>\n<p>(044) 232054 &#8211; 948171239<\/p>\n<p>ventas@dionsperu.com<\/p>\n<p>info@dionsperu.com<\/p>\n<p>[\/et_pb_text][et_pb_text _builder_version=&#8221;3.27.4&#8243; text_text_color=&#8221;#bababa&#8221; header_text_color=&#8221;#000000&#8243; header_2_text_color=&#8221;#01488a&#8221; header_3_text_color=&#8221;#01488a&#8221; custom_margin=&#8221;||0px||false|false&#8221; custom_padding=&#8221;||0px||false|false&#8221; _i=&#8221;4&#8243; _address=&#8221;0.0.1.4&#8243;]<\/p>\n<h3><strong>Lima<\/strong><\/h3>\n<p>&nbsp;<\/p>\n<p>[\/et_pb_text][et_pb_divider color=&#8221;#01488a&#8221; divider_weight=&#8221;2px&#8221; _builder_version=&#8221;3.27.4&#8243; width=&#8221;80%&#8221; custom_margin=&#8221;-15px||5px||false|false&#8221; custom_padding=&#8221;0px||||false|false&#8221; locked=&#8221;off&#8221; _i=&#8221;5&#8243; _address=&#8221;0.0.1.5&#8243;][\/et_pb_divider][et_pb_text _builder_version=&#8221;3.27.4&#8243; text_text_color=&#8221;#444444&#8243; header_text_color=&#8221;#ffffff&#8221; header_2_text_color=&#8221;#ffffff&#8221; header_3_text_color=&#8221;#000000&#8243; header_3_font_size=&#8221;17px&#8221; custom_margin=&#8221;0px||||false|false&#8221; custom_padding=&#8221;0px||||false|false&#8221; locked=&#8221;off&#8221; _i=&#8221;6&#8243; _address=&#8221;0.0.1.6&#8243;]<\/p>\n<h3><strong>Direcci\u00f3n:<\/strong><\/h3>\n<p>Av. Santa Rosa 845Coop. Julio C. Tello &#8211;\u00a0Sta. Anita<\/p>\n<p>(01)7045087 &#8211; 948846965 &#8211; 975142473<\/p>\n<p>ventas@dionsperu.com<\/p>\n<p>[\/et_pb_text][\/et_pb_column][\/et_pb_row][\/et_pb_section][et_pb_section fb_built=&#8221;1&#8243; _builder_version=&#8221;3.27.4&#8243; background_color=&#8221;#000000&#8243; global_module=&#8221;64&#8243; fb_built=&#8221;1&#8243; _i=&#8221;0&#8243; _address=&#8221;1&#8243;][et_pb_row column_structure=&#8221;1_3,1_3,1_3&#8243; _builder_version=&#8221;3.27.4&#8243; _i=&#8221;0&#8243; _address=&#8221;1.0&#8243;][et_pb_column type=&#8221;1_3&#8243; _builder_version=&#8221;3.27.4&#8243; _i=&#8221;0&#8243; _address=&#8221;1.0.0&#8243;][et_pb_text _builder_version=&#8221;3.27.4&#8243; text_text_color=&#8221;#bababa&#8221; header_text_color=&#8221;#ffffff&#8221; header_2_text_color=&#8221;#ffffff&#8221; header_3_text_color=&#8221;#ffffff&#8221; custom_margin=&#8221;||0px||false|false&#8221; custom_padding=&#8221;||0px||false|false&#8221; _i=&#8221;0&#8243; _address=&#8221;1.0.0.0&#8243;]<\/p>\n<h2><strong>Horario de Atenci\u00f3n<\/strong><\/h2>\n<p>&nbsp;<\/p>\n<p>[\/et_pb_text][et_pb_divider color=&#8221;#ffffff&#8221; divider_weight=&#8221;2px&#8221; _builder_version=&#8221;3.27.4&#8243; width=&#8221;80%&#8221; custom_margin=&#8221;-15px||5px||false|false&#8221; custom_padding=&#8221;0px||||false|false&#8221; _i=&#8221;1&#8243; _address=&#8221;1.0.0.1&#8243;][\/et_pb_divider][et_pb_text _builder_version=&#8221;3.27.4&#8243; text_text_color=&#8221;#bababa&#8221; header_text_color=&#8221;#ffffff&#8221; header_2_text_color=&#8221;#ffffff&#8221; header_3_text_color=&#8221;#ffffff&#8221; custom_margin=&#8221;0px||||false|false&#8221; custom_padding=&#8221;0px||||false|false&#8221; _i=&#8221;2&#8243; _address=&#8221;1.0.0.2&#8243;]<\/p>\n<p>Lunes &#8211; Viernes 08:00am &#8211; 06:00pm<br \/> <strong><\/strong><\/p>\n<p>Lunes &#8211; Viernes 08:00am &#8211; 06:00pm<\/p>\n<p>S\u00e1bado 09:00am &#8211; 12:00pm<\/p>\n<p>[\/et_pb_text][\/et_pb_column][et_pb_column type=&#8221;1_3&#8243; _builder_version=&#8221;3.27.4&#8243; _i=&#8221;1&#8243; _address=&#8221;1.0.1&#8243;][et_pb_text _builder_version=&#8221;3.27.4&#8243; text_text_color=&#8221;#bababa&#8221; header_text_color=&#8221;#ffffff&#8221; header_2_text_color=&#8221;#ffffff&#8221; header_3_text_color=&#8221;#ffffff&#8221; custom_margin=&#8221;||0px||false|false&#8221; custom_padding=&#8221;||0px||false|false&#8221; _i=&#8221;0&#8243; _address=&#8221;1.0.1.0&#8243;]<\/p>\n<h2><strong>Trujillo<\/strong><\/h2>\n<p>&nbsp;<\/p>\n<p>[\/et_pb_text][et_pb_divider color=&#8221;#ffffff&#8221; divider_weight=&#8221;2px&#8221; _builder_version=&#8221;3.27.4&#8243; width=&#8221;80%&#8221; custom_margin=&#8221;-15px||5px||false|false&#8221; custom_padding=&#8221;0px||||false|false&#8221; _i=&#8221;1&#8243; _address=&#8221;1.0.1.1&#8243;][\/et_pb_divider][et_pb_text _builder_version=&#8221;3.27.4&#8243; text_text_color=&#8221;#bababa&#8221; header_text_color=&#8221;#ffffff&#8221; header_2_text_color=&#8221;#ffffff&#8221; header_3_text_color=&#8221;#ffffff&#8221; custom_margin=&#8221;0px||||false|false&#8221; custom_padding=&#8221;0px||||false|false&#8221; _i=&#8221;2&#8243; _address=&#8221;1.0.1.2&#8243;]<\/p>\n<h3><strong>Direcci\u00f3n:<\/strong><\/h3>\n<p>Ca. Pedro Mu\u00f1iz Nro. 248<\/p>\n<p>(044) 232054 &#8211; 948171239<\/p>\n<p>ventas@dionsperu.com<\/p>\n<p>info@dionsperu.com<\/p>\n<p>[\/et_pb_text][\/et_pb_column][et_pb_column type=&#8221;1_3&#8243; _builder_version=&#8221;3.27.4&#8243; _i=&#8221;2&#8243; _address=&#8221;1.0.2&#8243;][et_pb_text _builder_version=&#8221;3.27.4&#8243; text_text_color=&#8221;#bababa&#8221; header_text_color=&#8221;#ffffff&#8221; header_2_text_color=&#8221;#ffffff&#8221; header_3_text_color=&#8221;#ffffff&#8221; custom_margin=&#8221;||0px||false|false&#8221; custom_padding=&#8221;||0px||false|false&#8221; _i=&#8221;0&#8243; _address=&#8221;1.0.2.0&#8243;]<\/p>\n<h2><strong>Lima<\/strong><\/h2>\n<p>&nbsp;<\/p>\n<p>[\/et_pb_text][et_pb_divider color=&#8221;#ffffff&#8221; divider_weight=&#8221;2px&#8221; _builder_version=&#8221;3.27.4&#8243; width=&#8221;80%&#8221; custom_margin=&#8221;-15px||5px||false|false&#8221; custom_padding=&#8221;0px||||false|false&#8221; _i=&#8221;1&#8243; _address=&#8221;1.0.2.1&#8243;][\/et_pb_divider][et_pb_text _builder_version=&#8221;3.27.4&#8243; text_text_color=&#8221;#bababa&#8221; header_text_color=&#8221;#ffffff&#8221; header_2_text_color=&#8221;#ffffff&#8221; header_3_text_color=&#8221;#ffffff&#8221; custom_margin=&#8221;0px||||false|false&#8221; custom_padding=&#8221;0px||||false|false&#8221; _i=&#8221;2&#8243; _address=&#8221;1.0.2.2&#8243;]<\/p>\n<h3><strong>Direcci\u00f3n:<\/strong><\/h3>\n<p>Av. Santa Rosa 845 Coop. Julio C. Tello<br \/>Sta. Anita<\/p>\n<p>(01)7045087 &#8211; 948846965 &#8211; 975142473<\/p>\n<p>ventas@dionsperu.com<\/p>\n<p>[\/et_pb_text][\/et_pb_column][\/et_pb_row][\/et_pb_section]<\/p>\n","protected":false},"excerpt":{"rendered":"<p>EMPRESA PERUANA CON M\u00c1S DE 25 A\u00d1OS DE EXPERIENCIA Brindamos soluciones integrales en tratamiento de aguas, para distintos rubros como la actividad agr\u00edcola, industria de alimentos, industria de curtiembres, textiles, Miner\u00eda, Hidrocarburos e industria en general. Dedicada a la fabricaci\u00f3n y comercializaci\u00f3n de productos qu\u00edmicos y reactivos para tratamiento de aguas, venta de equipos industriales: [&hellip;]<\/p>\n","protected":false},"author":1,"featured_media":0,"parent":0,"menu_order":0,"comment_status":"closed","ping_status":"closed","template":"","meta":{"_et_pb_use_builder":"on","_et_pb_old_content":"","_et_gb_content_width":"","footnotes":""},"class_list":["post-68","page","type-page","status-publish","hentry"],"_links":{"self":[{"href":"https:\/\/dionsperu.com\/index.php\/wp-json\/wp\/v2\/pages\/68","targetHints":{"allow":["GET"]}}],"collection":[{"href":"https:\/\/dionsperu.com\/index.php\/wp-json\/wp\/v2\/pages"}],"about":[{"href":"https:\/\/dionsperu.com\/index.php\/wp-json\/wp\/v2\/types\/page"}],"author":[{"embeddable":true,"href":"https:\/\/dionsperu.com\/index.php\/wp-json\/wp\/v2\/users\/1"}],"replies":[{"embeddable":true,"href":"https:\/\/dionsperu.com\/index.php\/wp-json\/wp\/v2\/comments?post=68"}],"version-history":[{"count":4,"href":"https:\/\/dionsperu.com\/index.php\/wp-json\/wp\/v2\/pages\/68\/revisions"}],"predecessor-version":[{"id":96,"href":"https:\/\/dionsperu.com\/index.php\/wp-json\/wp\/v2\/pages\/68\/revisions\/96"}],"wp:attachment":[{"href":"https:\/\/dionsperu.com\/index.php\/wp-json\/wp\/v2\/media?parent=68"}],"curies":[{"name":"wp","href":"https:\/\/api.w.org\/{rel}","templated":true}]}}